{"id":226421,"date":"2020-07-08T14:24:55","date_gmt":"2020-07-08T14:24:55","guid":{"rendered":"http:\/\/arcoirisfilms.org\/?page_id=226421"},"modified":"2021-10-05T18:37:30","modified_gmt":"2021-10-05T18:37:30","slug":"donaciones","status":"publish","type":"page","link":"https:\/\/arcoirisfilms.org\/index.php\/donaciones\/","title":{"rendered":"Donaciones"},"content":{"rendered":"<p>[et_pb_section fb_built=&#8221;1&#8243; _builder_version=&#8221;4.4.3&#8243; custom_margin=&#8221;||-161px|||&#8221;][\/et_pb_section][et_pb_section fb_built=&#8221;1&#8243; _builder_version=&#8221;4.4.3&#8243; custom_padding=&#8221;3px|||||&#8221;][et_pb_row column_structure=&#8221;3_5,1_5,1_5&#8243; _builder_version=&#8221;4.4.3&#8243; positioning=&#8221;none&#8221; vertical_offset=&#8221;63px&#8221; horizontal_offset=&#8221;45px&#8221; z_index=&#8221;78&#8243; vertical_offset_tablet=&#8221;&#8221; vertical_offset_phone=&#8221;-1px&#8221; vertical_offset_last_edited=&#8221;on|phone&#8221; position_origin_a_tablet=&#8221;&#8221; position_origin_a_phone=&#8221;&#8221; position_origin_a_last_edited=&#8221;on|desktop&#8221; position_origin_f_tablet=&#8221;&#8221; position_origin_f_phone=&#8221;&#8221; position_origin_f_last_edited=&#8221;on|desktop&#8221; position_origin_r_tablet=&#8221;&#8221; position_origin_r_phone=&#8221;&#8221; position_origin_r_last_edited=&#8221;on|desktop&#8221; custom_margin=&#8221;0px||10px||false|false&#8221; custom_margin_tablet=&#8221;180px||-220px||false|false&#8221; custom_margin_phone=&#8221;50px||0px||false|false&#8221; custom_margin_last_edited=&#8221;on|phone&#8221; positioning_tablet=&#8221;&#8221; positioning_phone=&#8221;&#8221; positioning_last_edited=&#8221;on|desktop&#8221; locked=&#8221;off&#8221;][et_pb_column type=&#8221;3_5&#8243; _builder_version=&#8221;4.4.3&#8243;][et_pb_text admin_label=&#8221;Text&#8221; _builder_version=&#8221;4.4.3&#8243; text_font=&#8221;Osaka Mustache||||||||&#8221; text_text_color=&#8221;#758c88&#8243; text_font_size=&#8221;100px&#8221; header_text_color=&#8221;#00f0d4&#8243; transform_scale_tablet=&#8221;112%|112%&#8221; transform_scale_phone=&#8221;&#8221; transform_scale_last_edited=&#8221;on|tablet&#8221; transform_translate_tablet=&#8221;0px|-28px&#8221; transform_translate_phone=&#8221;&#8221; transform_translate_last_edited=&#8221;on|tablet&#8221; transform_translate_linked_tablet=&#8221;off&#8221; transform_rotate_tablet=&#8221;&#8221; transform_rotate_phone=&#8221;&#8221; transform_rotate_last_edited=&#8221;on|tablet&#8221; transform_skew_tablet=&#8221;&#8221; transform_skew_phone=&#8221;&#8221; transform_skew_last_edited=&#8221;on|tablet&#8221; transform_origin_tablet=&#8221;&#8221; transform_origin_phone=&#8221;&#8221; transform_origin_last_edited=&#8221;on|tablet&#8221; transform_styles_last_edited=&#8221;on|tablet&#8221; z_index=&#8221;-226&#8243; min_height=&#8221;82px&#8221; custom_margin=&#8221;50px||-50px|-300px|false|false&#8221; custom_margin_tablet=&#8221;|||-201px|true|false&#8221; custom_margin_phone=&#8221;||-50px|0px|false|false&#8221; custom_margin_last_edited=&#8221;on|phone&#8221; hover_enabled=&#8221;0&#8243; text_font_size_tablet=&#8221;&#8221; text_font_size_phone=&#8221;70px&#8221; text_font_size_last_edited=&#8221;on|phone&#8221; header_text_align_tablet=&#8221;center&#8221; header_text_align_phone=&#8221;&#8221; header_text_align_last_edited=&#8221;on|tablet&#8221; header_font_size_tablet=&#8221;&#8221; header_font_size_phone=&#8221;31px&#8221; header_font_size_last_edited=&#8221;on|desktop&#8221; transform_styles_tablet=&#8221;&#8221; transform_styles_phone=&#8221;&#8221; module_alignment_tablet=&#8221;center&#8221; module_alignment_phone=&#8221;&#8221; module_alignment_last_edited=&#8221;on|tablet&#8221; transform_scale=&#8221;144%|144%&#8221;]<\/p>\n<p style=\"text-align: center;\">Donaciones<\/p>\n<p>[\/et_pb_text][\/et_pb_column][et_pb_column type=&#8221;1_5&#8243; _builder_version=&#8221;4.4.3&#8243;][\/et_pb_column][et_pb_column type=&#8221;1_5&#8243; _builder_version=&#8221;4.4.3&#8243; hover_enabled=&#8221;0&#8243;][et_pb_image src=&#8221;http:\/\/arcoirisfilms.org\/wp-content\/uploads\/2020\/06\/d7e2df8a59b1b4ac4c0311b30524d040.png&#8221; src_tablet=&#8221;&#8221; src_phone=&#8221;&#8221; src_last_edited=&#8221;on|phone&#8221; disabled_on=&#8221;on|off|off&#8221; admin_label=&#8221;Image&#8221; _builder_version=&#8221;4.4.3&#8243; transform_scale=&#8221;155%|153%&#8221; transform_scale_linked=&#8221;off&#8221; transform_rotate=&#8221;0deg|0deg|187deg&#8221; positioning=&#8221;relative&#8221; vertical_offset=&#8221;100px&#8221; horizontal_offset=&#8221;26px&#8221; z_index=&#8221;-5&#8243; vertical_offset_tablet=&#8221;&#8221; vertical_offset_phone=&#8221;8px&#8221; vertical_offset_last_edited=&#8221;on|phone&#8221; horizontal_offset_tablet=&#8221;&#8221; horizontal_offset_phone=&#8221;72px&#8221; horizontal_offset_last_edited=&#8221;on|phone&#8221; position_origin_a_tablet=&#8221;&#8221; position_origin_a_phone=&#8221;&#8221; position_origin_a_last_edited=&#8221;on|phone&#8221; position_origin_f_tablet=&#8221;&#8221; position_origin_f_phone=&#8221;&#8221; position_origin_f_last_edited=&#8221;on|phone&#8221; position_origin_r_tablet=&#8221;&#8221; position_origin_r_phone=&#8221;&#8221; position_origin_r_last_edited=&#8221;on|phone&#8221; width_tablet=&#8221;&#8221; width_phone=&#8221;100%&#8221; width_last_edited=&#8221;on|phone&#8221; positioning_tablet=&#8221;&#8221; positioning_phone=&#8221;absolute&#8221; positioning_last_edited=&#8221;on|phone&#8221;][\/et_pb_image][\/et_pb_column][\/et_pb_row][et_pb_row column_structure=&#8221;1_3,2_3&#8243; _builder_version=&#8221;4.4.3&#8243; custom_margin=&#8221;||||false|false&#8221; custom_margin_tablet=&#8221;50px||||false|false&#8221; custom_margin_phone=&#8221;0px||||false|false&#8221; custom_margin_last_edited=&#8221;on|phone&#8221; custom_padding=&#8221;||||false|false&#8221;][et_pb_column type=&#8221;1_3&#8243; _builder_version=&#8221;4.4.3&#8243; custom_padding=&#8221;||||false|false&#8221;][et_pb_image src=&#8221;http:\/\/arcoirisfilms.org\/wp-content\/uploads\/2020\/07\/iconos-05.png&#8221; src_last_edited=&#8221;off|desktop&#8221; align_tablet=&#8221;center&#8221; align_phone=&#8221;&#8221; align_last_edited=&#8221;on|tablet&#8221; _builder_version=&#8221;4.4.3&#8243; background_enable_color=&#8221;off&#8221; transform_scale_tablet=&#8221;71%|71%&#8221; transform_scale_phone=&#8221;110%|110%&#8221; transform_scale_last_edited=&#8221;on|desktop&#8221; transform_translate_tablet=&#8221;233px|-346px&#8221; transform_translate_phone=&#8221;2px|-122px&#8221; transform_translate_last_edited=&#8221;on|phone&#8221; transform_translate_linked=&#8221;off&#8221; transform_translate_linked_tablet=&#8221;on&#8221; transform_translate_linked_phone=&#8221;off&#8221; transform_rotate_tablet=&#8221;&#8221; transform_rotate_phone=&#8221;&#8221; transform_rotate_last_edited=&#8221;on|tablet&#8221; transform_skew_tablet=&#8221;&#8221; transform_skew_phone=&#8221;&#8221; transform_skew_last_edited=&#8221;on|tablet&#8221; transform_origin_tablet=&#8221;&#8221; transform_origin_phone=&#8221;&#8221; transform_origin_last_edited=&#8221;on|tablet&#8221; transform_styles_last_edited=&#8221;on|desktop&#8221; custom_margin=&#8221;||||false|false&#8221; custom_margin_tablet=&#8221;-80px||||false|false&#8221; custom_margin_phone=&#8221;50px||20px||false|false&#8221; custom_margin_last_edited=&#8221;on|phone&#8221; custom_padding_tablet=&#8221;&#8221; custom_padding_phone=&#8221;|100px||100px|false|false&#8221; custom_padding_last_edited=&#8221;on|phone&#8221; transform_styles_tablet=&#8221;&#8221; transform_styles_phone=&#8221;&#8221; module_alignment_tablet=&#8221;left&#8221; module_alignment_phone=&#8221;&#8221; module_alignment_last_edited=&#8221;on|tablet&#8221; transform_styles__hover_enabled=&#8221;on|hover&#8221; transform_scale__hover_enabled=&#8221;on|hover&#8221; transform_translate__hover_enabled=&#8221;on|desktop&#8221; transform_rotate__hover_enabled=&#8221;on|desktop&#8221; transform_skew__hover_enabled=&#8221;on|desktop&#8221; transform_origin__hover_enabled=&#8221;on|desktop&#8221;][\/et_pb_image][\/et_pb_column][et_pb_column type=&#8221;2_3&#8243; _builder_version=&#8221;4.4.3&#8243; background_image=&#8221;http:\/\/arcoirisfilms.org\/wp-content\/uploads\/2020\/07\/prueba-fondo5.jpg&#8221; background_position=&#8221;top_left&#8221; transform_scale_tablet=&#8221;&#8221; transform_scale_phone=&#8221;&#8221; transform_scale_last_edited=&#8221;on|tablet&#8221; transform_scale_linked=&#8221;off&#8221; transform_translate_tablet=&#8221;0px|-179px&#8221; transform_translate_phone=&#8221;0px|-137px&#8221; transform_translate_last_edited=&#8221;on|tablet&#8221; transform_translate_linked_tablet=&#8221;off&#8221; transform_rotate_tablet=&#8221;&#8221; transform_rotate_phone=&#8221;&#8221; transform_rotate_last_edited=&#8221;on|tablet&#8221; transform_skew_tablet=&#8221;&#8221; transform_skew_phone=&#8221;&#8221; transform_skew_last_edited=&#8221;on|tablet&#8221; transform_origin_tablet=&#8221;&#8221; transform_origin_phone=&#8221;&#8221; transform_origin_last_edited=&#8221;on|tablet&#8221; transform_styles_last_edited=&#8221;on|tablet&#8221; custom_padding=&#8221;50px|80px|50px|80px|true|false&#8221; transform_styles_tablet=&#8221;&#8221; transform_styles_phone=&#8221;&#8221; border_radii=&#8221;on|10px|10px|10px|10px&#8221; box_shadow_style=&#8221;preset1&#8243; box_shadow_vertical=&#8221;45px&#8221; box_shadow_blur=&#8221;84px&#8221; box_shadow_spread=&#8221;-40px&#8221;][et_pb_text _builder_version=&#8221;4.4.3&#8243; text_font=&#8221;|300|||||||&#8221; text_font_size=&#8221;16px&#8221; text_line_height=&#8221;1.8em&#8221; max_width=&#8221;800px&#8221; custom_margin=&#8221;|-50px||-50px||&#8221; custom_padding=&#8221;|21px||23px||&#8221; text_font_size_tablet=&#8221;&#8221; text_font_size_phone=&#8221;17px&#8221; text_font_size_last_edited=&#8221;on|desktop&#8221; text_line_height_tablet=&#8221;&#8221; text_line_height_phone=&#8221;1.6em&#8221; text_line_height_last_edited=&#8221;on|desktop&#8221;]<\/p>\n<p style=\"text-align: left;\">En estos a\u00f1os de hacer esto aprend\u00ed que <strong>yo ayudo a quienes est\u00e1n ayudando gracias a que alguien me ayuda a mi<\/strong>. Somos una red de personas que creemos que un mundo mejor es posible. Hay proyectos hermosos que no pueden pagar mi trabajo, y tambi\u00e9n merecen expandir su mensaje. Financio esos traslados, alimentos o alojamientos yo sola, y eso implica que a muchas personas tenga que decirles que no, porque aunque quiera, no siempre puedo pagarlo.<\/p>\n<p style=\"text-align: left;\"><strong>Tu aporte, sea cual fuere, hace que m\u00e1s sue\u00f1os se vuelvan realidad.<\/strong><\/p>\n<p>[\/et_pb_text][et_pb_button button_url=&#8221;https:\/\/www.paypal.com\/paypalme\/pilialdirico&#8221; url_new_window=&#8221;on&#8221; button_text=&#8221;Donar ahora v\u00eda Paypal&#8221; button_alignment=&#8221;center&#8221; button_alignment_tablet=&#8221;&#8221; button_alignment_phone=&#8221;center&#8221; button_alignment_last_edited=&#8221;on|desktop&#8221; _builder_version=&#8221;4.4.3&#8243; custom_button=&#8221;on&#8221; button_text_size=&#8221;14px&#8221; button_text_color=&#8221;#ffffff&#8221; button_bg_color=&#8221;rgba(0,0,0,0)&#8221; button_bg_image=&#8221;http:\/\/arcoirisfilms.org\/wp-content\/uploads\/2020\/07\/painting_service_22.png&#8221; button_bg_size=&#8221;initial&#8221; button_border_width=&#8221;0px&#8221; button_border_radius=&#8221;9px&#8221; button_font=&#8221;Roboto||||||||&#8221; custom_margin=&#8221;||||false|false&#8221; custom_margin_tablet=&#8221;&#8221; custom_margin_phone=&#8221;|||0px|false|false&#8221; custom_margin_last_edited=&#8221;on|phone&#8221; custom_padding=&#8221;14px|24px|14px|24px|true|true&#8221;][\/et_pb_button][et_pb_code _builder_version=&#8221;4.4.3&#8243; text_orientation=&#8221;center&#8221;]<a href='https:\/\/cafecito.app\/pilialdirico' rel=\"noopener noreferrer\" target='_blank'><img srcset='https:\/\/cdn.cafecito.app\/imgs\/buttons\/button_4.png 1x, https:\/\/cdn.cafecito.app\/imgs\/buttons\/button_4_2x.png 2x, https:\/\/cdn.cafecito.app\/imgs\/buttons\/button_4_3.75x.png 3.75x' src='https:\/\/cdn.cafecito.app\/imgs\/buttons\/button_4.png' alt='Invitame un caf\u00e9 en cafecito.app' \/><\/a>[\/et_pb_code][et_pb_text _builder_version=&#8221;4.4.3&#8243;]<\/p>\n<p style=\"text-align: right;\"><em>(Para saber qu\u00e9 es Cafecito te invito a seguir leyendo<strong>*<\/strong>)<\/em><\/p>\n<p>[\/et_pb_text][\/et_pb_column][\/et_pb_row][et_pb_row _builder_version=&#8221;4.4.3&#8243; min_height=&#8221;164px&#8221;][et_pb_column type=&#8221;4_4&#8243; _builder_version=&#8221;4.4.3&#8243;][et_pb_text _builder_version=&#8221;4.4.3&#8243; background_color=&#8221;#fcae8d&#8221; background_image=&#8221;http:\/\/arcoirisfilms.org\/wp-content\/uploads\/2020\/06\/prueba-fondo4.jpg&#8221; hover_enabled=&#8221;0&#8243; box_shadow_style=&#8221;preset2&#8243;]<\/p>\n<p style=\"text-align: center;\">\n<p style=\"text-align: center;\"><strong>*\u00a0<\/strong>Una de las formas en las que hoy en d\u00eda se puede apoyar econ\u00f3micamente a artistas independientes es una plataforma llamada <em><strong>Cafecito<\/strong><\/em>. Consiste en que las personas &#8220;les inviten un cafecito&#8221; a artistas a quienes desean apoyar para que puedan seguir creando contenido. El apoyo es una donaci\u00f3n de $50, equivalente a invitarles justamente un caf\u00e9, y pueden invitarles uno o muchos cafecitos. Es una forma muy hermosa de <strong>ayudar<\/strong> a que <strong>artistas<\/strong> que generalmente no cobran o cobran muy poco por el trabajo que realizan, <strong>puedan seguir creando<\/strong>.<\/p>\n<p style=\"text-align: center;\">(Funciona unicamente dentro de Argentina)<\/p>\n<p style=\"text-align: center;\">\n<p>[\/et_pb_text][\/et_pb_column][\/et_pb_row][et_pb_row _builder_version=&#8221;4.4.3&#8243; custom_margin=&#8221;44px|auto||auto||&#8221; custom_padding=&#8221;19px|||||&#8221;][et_pb_column type=&#8221;4_4&#8243; _builder_version=&#8221;4.4.3&#8243;][et_pb_text _builder_version=&#8221;4.4.3&#8243; background_enable_image=&#8221;off&#8221; text_orientation=&#8221;center&#8221; width=&#8221;100%&#8221; custom_margin=&#8221;||10px|||&#8221;]<\/p>\n<p style=\"text-align: center;\"><strong><\/strong><\/p>\n<p style=\"text-align: center;\"><strong>Si quer\u00e9s ayudarme pero no pod\u00e9s hacerlo econ\u00f3micamente, te invito a visitar mi secci\u00f3n de <\/strong><\/p>\n<p style=\"text-align: center;\"><strong>&#8220;Seamos amigues&#8221;, en la que te cuento otras formas en las que pod\u00e9s hacer este sue\u00f1o posible.<\/strong><\/p>\n<p style=\"text-align: center;\"><strong><\/strong><\/p>\n<p>[\/et_pb_text][et_pb_button button_url=&#8221;@ET-DC@eyJkeW5hbWljIjp0cnVlLCJjb250ZW50IjoicG9zdF9saW5rX3VybF9wYWdlIiwic2V0dGluZ3MiOnsicG9zdF9pZCI6IjIyOTE0MSJ9fQ==@&#8221; button_text=&#8221;SEAMOS AMIGUES&#8221; button_alignment=&#8221;center&#8221; button_alignment_tablet=&#8221;&#8221; button_alignment_phone=&#8221;center&#8221; button_alignment_last_edited=&#8221;on|desktop&#8221; _builder_version=&#8221;4.4.3&#8243; _dynamic_attributes=&#8221;button_url&#8221; custom_button=&#8221;on&#8221; button_text_size=&#8221;17px&#8221; button_text_color=&#8221;#ffffff&#8221; button_bg_color=&#8221;rgba(0,0,0,0)&#8221; button_bg_image=&#8221;http:\/\/arcoirisfilms.org\/wp-content\/uploads\/2020\/07\/painting_service_22.png&#8221; button_bg_size=&#8221;contain&#8221; button_border_width=&#8221;0px&#8221; button_border_radius=&#8221;0px&#8221; button_font=&#8221;Roboto||||||||&#8221; custom_margin=&#8221;||||false|false&#8221; custom_margin_tablet=&#8221;&#8221; custom_margin_phone=&#8221;|||0px|false|false&#8221; custom_margin_last_edited=&#8221;on|phone&#8221; custom_padding=&#8221;14px|24px|14px|24px|true|true&#8221;][\/et_pb_button][\/et_pb_column][\/et_pb_row][\/et_pb_section][et_pb_section fb_built=&#8221;1&#8243; _builder_version=&#8221;4.4.3&#8243;][\/et_pb_section]<\/p>\n","protected":false},"excerpt":{"rendered":"<p>[et_pb_section fb_built=&#8221;1&#8243; _builder_version=&#8221;4.4.3&#8243; custom_margin=&#8221;||-161px|||&#8221;][\/et_pb_section][et_pb_section fb_built=&#8221;1&#8243; _builder_version=&#8221;4.4.3&#8243; custom_padding=&#8221;3px|||||&#8221;][et_pb_row column_structure=&#8221;3_5,1_5,1_5&#8243; _builder_version=&#8221;4.4.3&#8243; positioning=&#8221;none&#8221; vertical_offset=&#8221;63px&#8221; horizontal_offset=&#8221;45px&#8221; z_index=&#8221;78&#8243; vertical_offset_tablet=&#8221;&#8221; vertical_offset_phone=&#8221;-1px&#8221; vertical_offset_last_edited=&#8221;on|phone&#8221; position_origin_a_tablet=&#8221;&#8221; position_origin_a_phone=&#8221;&#8221; position_origin_a_last_edited=&#8221;on|desktop&#8221; position_origin_f_tablet=&#8221;&#8221; position_origin_f_phone=&#8221;&#8221; position_origin_f_last_edited=&#8221;on|desktop&#8221; position_origin_r_tablet=&#8221;&#8221; position_origin_r_phone=&#8221;&#8221; position_origin_r_last_edited=&#8221;on|desktop&#8221; custom_margin=&#8221;0px||10px||false|false&#8221; custom_margin_tablet=&#8221;180px||-220px||false|false&#8221; custom_margin_phone=&#8221;50px||0px||false|false&#8221; custom_margin_last_edited=&#8221;on|phone&#8221; positioning_tablet=&#8221;&#8221; positioning_phone=&#8221;&#8221; positioning_last_edited=&#8221;on|desktop&#8221; locked=&#8221;off&#8221;][et_pb_column type=&#8221;3_5&#8243; _builder_version=&#8221;4.4.3&#8243;][et_pb_text admin_label=&#8221;Text&#8221; _builder_version=&#8221;4.4.3&#8243; text_font=&#8221;Osaka Mustache||||||||&#8221; text_text_color=&#8221;#758c88&#8243; text_font_size=&#8221;100px&#8221; header_text_color=&#8221;#00f0d4&#8243; transform_scale_tablet=&#8221;112%|112%&#8221; transform_scale_phone=&#8221;&#8221; transform_scale_last_edited=&#8221;on|tablet&#8221; transform_translate_tablet=&#8221;0px|-28px&#8221; transform_translate_phone=&#8221;&#8221; transform_translate_last_edited=&#8221;on|tablet&#8221; transform_translate_linked_tablet=&#8221;off&#8221; transform_rotate_tablet=&#8221;&#8221; transform_rotate_phone=&#8221;&#8221; transform_rotate_last_edited=&#8221;on|tablet&#8221; transform_skew_tablet=&#8221;&#8221; transform_skew_phone=&#8221;&#8221; transform_skew_last_edited=&#8221;on|tablet&#8221; [&hellip;]<\/p>\n","protected":false},"author":1,"featured_media":0,"parent":0,"menu_order":0,"comment_status":"closed","ping_status":"closed","template":"","meta":{"_et_pb_use_builder":"on","_et_pb_old_content":"","_et_gb_content_width":"","footnotes":""},"class_list":["post-226421","page","type-page","status-publish","hentry"],"_links":{"self":[{"href":"https:\/\/arcoirisfilms.org\/index.php\/wp-json\/wp\/v2\/pages\/226421","targetHints":{"allow":["GET"]}}],"collection":[{"href":"https:\/\/arcoirisfilms.org\/index.php\/wp-json\/wp\/v2\/pages"}],"about":[{"href":"https:\/\/arcoirisfilms.org\/index.php\/wp-json\/wp\/v2\/types\/page"}],"author":[{"embeddable":true,"href":"https:\/\/arcoirisfilms.org\/index.php\/wp-json\/wp\/v2\/users\/1"}],"replies":[{"embeddable":true,"href":"https:\/\/arcoirisfilms.org\/index.php\/wp-json\/wp\/v2\/comments?post=226421"}],"version-history":[{"count":42,"href":"https:\/\/arcoirisfilms.org\/index.php\/wp-json\/wp\/v2\/pages\/226421\/revisions"}],"predecessor-version":[{"id":230231,"href":"https:\/\/arcoirisfilms.org\/index.php\/wp-json\/wp\/v2\/pages\/226421\/revisions\/230231"}],"wp:attachment":[{"href":"https:\/\/arcoirisfilms.org\/index.php\/wp-json\/wp\/v2\/media?parent=226421"}],"curies":[{"name":"wp","href":"https:\/\/api.w.org\/{rel}","templated":true}]}}