{"id":11,"date":"2018-11-26T12:46:44","date_gmt":"2018-11-26T12:46:44","guid":{"rendered":"http:\/\/arcoirisfilms.org\/index.php\/projects\/"},"modified":"2023-01-20T09:07:32","modified_gmt":"2023-01-20T09:07:32","slug":"projects","status":"publish","type":"page","link":"https:\/\/arcoirisfilms.org\/index.php\/projects\/","title":{"rendered":"Cortometrajes realizados"},"content":{"rendered":"<p>[et_pb_section fb_built=&#8221;1&#8243; _builder_version=&#8221;4.4.3&#8243; background_color=&#8221;#fff6ed&#8221; custom_margin=&#8221;-200px||||false|false&#8221;][et_pb_row _builder_version=&#8221;4.4.3&#8243;][et_pb_column type=&#8221;4_4&#8243; _builder_version=&#8221;4.4.3&#8243;][et_pb_text _builder_version=&#8221;4.4.3&#8243; text_font=&#8221;rockness||||||||&#8221;]<\/p>\n<h1>Proyectos<\/h1>\n<p>[\/et_pb_text][\/et_pb_column][\/et_pb_row][\/et_pb_section][et_pb_section fb_built=&#8221;1&#8243; admin_label=&#8221;Projects&#8221; _builder_version=&#8221;4.4.3&#8243; background_image=&#8221;http:\/\/arcoirisfilms.org\/wp-content\/uploads\/2020\/06\/separador.png&#8221; background_size=&#8221;contain&#8221; background_position=&#8221;top_center&#8221; custom_padding=&#8221;90px||90px|&#8221;][et_pb_row _builder_version=&#8221;4.4.3&#8243;][et_pb_column type=&#8221;4_4&#8243; _builder_version=&#8221;4.4.3&#8243;][et_pb_text _builder_version=&#8221;4.4.3&#8243; header_font=&#8221;Osaka Mustache||||||||&#8221; header_text_color=&#8221;#758c88&#8243; header_font_size=&#8221;110px&#8221; header_letter_spacing=&#8221;3px&#8221; transform_scale=&#8221;123%|123%&#8221; custom_margin=&#8221;|||46px|false|false&#8221; header_font_size_tablet=&#8221;&#8221; header_font_size_phone=&#8221;88px&#8221; header_font_size_last_edited=&#8221;on|phone&#8221; inline_fonts=&#8221;Osaka Mustache&#8221;]<\/p>\n<h1 style=\"text-align: left;\"><span style=\"font-family: 'Osaka Mustache';\">Missions Accomplished<\/span><\/h1>\n<p>[\/et_pb_text][\/et_pb_column][\/et_pb_row][et_pb_row column_structure=&#8221;2_5,3_5&#8243; make_equal=&#8221;on&#8221; padding_top_bottom_link_1=&#8221;false&#8221; padding_top_bottom_link_2=&#8221;true&#8221; _builder_version=&#8221;4.4.3&#8243; background_color=&#8221;#ffffff&#8221; custom_margin=&#8221;40px||-50px||false|false&#8221; custom_margin_tablet=&#8221;40px||100px||false|false&#8221; custom_margin_phone=&#8221;&#8221; custom_margin_last_edited=&#8221;on|tablet&#8221; custom_padding=&#8221;0px|0px|0px|0px|true|false&#8221; animation_style=&#8221;slide&#8221; animation_direction=&#8221;left&#8221; animation_intensity_slide=&#8221;1%&#8221;][et_pb_column type=&#8221;2_5&#8243; _builder_version=&#8221;3.25&#8243; custom_padding=&#8221;80px||40px|&#8221; custom_padding_tablet=&#8221;0px|||&#8221; custom_padding_phone=&#8221;&#8221; custom_padding_last_edited=&#8221;on|tablet&#8221; padding_tablet=&#8221;0px|||&#8221; padding_last_edited=&#8221;on|tablet&#8221; custom_padding__hover=&#8221;|||&#8221;][et_pb_text _builder_version=&#8221;4.4.3&#8243; text_font=&#8221;||||||||&#8221; text_line_height=&#8221;2em&#8221; header_font=&#8221;||||||||&#8221; header_3_font=&#8221;Abel||||||||&#8221; header_3_text_color=&#8221;#1fe0ba&#8221; header_3_font_size=&#8221;39px&#8221; header_3_letter_spacing=&#8221;3px&#8221; header_3_line_height=&#8221;1.8em&#8221; header_4_font=&#8221;Abel|700||on|||||&#8221; header_4_text_color=&#8221;rgba(12,12,12,0.27)&#8221; header_4_font_size=&#8221;16px&#8221; header_4_letter_spacing=&#8221;3px&#8221; header_4_line_height=&#8221;1.8em&#8221; custom_margin_tablet=&#8221;&#8221; custom_margin_phone=&#8221;||-20px||false|false&#8221; custom_margin_last_edited=&#8221;on|phone&#8221; header_3_font_size_tablet=&#8221;&#8221; header_3_font_size_phone=&#8221;25px&#8221; header_3_font_size_last_edited=&#8221;on|desktop&#8221;]<\/p>\n<h4>SOS marine wildlife &#8211; uruguay<\/h4>\n<h3><strong>&#8220;Meet Ram\u00f3n&#8221;<\/strong><\/h3>\n<p>With a pandemic at the door, things started to look harder. Like everyone, I saw projects and travels being cancelled, I got scared about stuff, and future got kind of blurry. I commited with myself to redirect all that energy into art and creation, into hope. That&#8217;s when this short film was born. I had filmed all the footage in previous years, and I turned my lockdown into something with a purpouse. I learnt a lot from the animals I had lived with, and this was my attempt to spread their voice.<\/p>\n<p><span style=\"font-size: 14px;\"><\/span><\/p>\n<p>[\/et_pb_text][\/et_pb_column][et_pb_column type=&#8221;3_5&#8243; _builder_version=&#8221;4.4.3&#8243; background_color_gradient_direction=&#8221;90deg&#8221; custom_padding=&#8221;60px||60px|&#8221; custom_padding__hover=&#8221;|||&#8221;][et_pb_video_slider _builder_version=&#8221;4.4.3&#8243; custom_margin_tablet=&#8221;-300px||||false|false&#8221; custom_margin_phone=&#8221;-300px||||false|false&#8221; custom_margin_last_edited=&#8221;on|phone&#8221;][et_pb_video_slider_item src=&#8221;https:\/\/www.youtube.com\/watch?v=DP9ELXbKtbg&#8221; _builder_version=&#8221;4.4.3&#8243; show_image_overlay=&#8221;off&#8221;][\/et_pb_video_slider_item][\/et_pb_video_slider][\/et_pb_column][\/et_pb_row][et_pb_row column_structure=&#8221;2_5,3_5&#8243; make_equal=&#8221;on&#8221; padding_top_bottom_link_1=&#8221;false&#8221; padding_top_bottom_link_2=&#8221;true&#8221; _builder_version=&#8221;4.4.3&#8243; background_color=&#8221;#ffffff&#8221; custom_margin=&#8221;-10px|auto|-50px|251px|false|false&#8221; custom_margin_tablet=&#8221;40px||100px||false|false&#8221; custom_margin_phone=&#8221;&#8221; custom_margin_last_edited=&#8221;on|tablet&#8221; custom_padding=&#8221;0px|0px|0px|0px|true|false&#8221; animation_style=&#8221;slide&#8221; animation_direction=&#8221;left&#8221; animation_intensity_slide=&#8221;1%&#8221;][et_pb_column type=&#8221;2_5&#8243; _builder_version=&#8221;3.25&#8243; custom_padding=&#8221;80px||40px|&#8221; custom_padding_tablet=&#8221;0px|||&#8221; custom_padding_phone=&#8221;&#8221; custom_padding_last_edited=&#8221;on|tablet&#8221; padding_tablet=&#8221;0px|||&#8221; padding_last_edited=&#8221;on|tablet&#8221; custom_padding__hover=&#8221;|||&#8221;][et_pb_text _builder_version=&#8221;4.4.3&#8243; text_font=&#8221;||||||||&#8221; text_line_height=&#8221;2em&#8221; header_font=&#8221;||||||||&#8221; header_3_font=&#8221;Abel||||||||&#8221; header_3_text_color=&#8221;#1fe0ba&#8221; header_3_font_size=&#8221;39px&#8221; header_3_letter_spacing=&#8221;3px&#8221; header_3_line_height=&#8221;1.8em&#8221; header_4_font=&#8221;Abel|700||on|||||&#8221; header_4_text_color=&#8221;rgba(12,12,12,0.27)&#8221; header_4_font_size=&#8221;16px&#8221; header_4_letter_spacing=&#8221;3px&#8221; header_4_line_height=&#8221;1.8em&#8221; custom_margin_tablet=&#8221;&#8221; custom_margin_phone=&#8221;||-20px||false|false&#8221; custom_margin_last_edited=&#8221;on|phone&#8221; hover_enabled=&#8221;0&#8243; header_3_font_size_tablet=&#8221;&#8221; header_3_font_size_phone=&#8221;25px&#8221; header_3_font_size_last_edited=&#8221;on|desktop&#8221;]<\/p>\n<h4>&#8220;SOS&#8221; marine wildlife &#8211; uruguay<\/h4>\n<h3><strong>The messenger of the ocean<\/strong><\/h3>\n<p>&#8220;The messenger of the ocean&#8221; and the little video minute &#8220;Do you like the sea?&#8221;, are some of films that preceded &#8220;Meet Ramon&#8221;. It was my early beginning both as a volunteer and as a wildlife filmmaker, and some of the footage was taken from online footage banks. But I have sweet feelings towards them because they remind me that the only necessary thing we need to create something is believing in the message we&#8217;re sending.<\/p>\n<p><strong>SOS&#8217;s Marine Wildlife Misi\u00f3n:<\/strong> To rescue, rehabilitate and release endangered, sick, orphaned or harmed marine wildlife. At the same time, they spread awareness towards plastics in the ocean at schools and guided visits in the site.<span style=\"font-size: 14px;\">\u00a0<\/span><\/p>\n<p>[\/et_pb_text][et_pb_blurb title=&#8221;go to their website&#8221; url=&#8221;#&#8221; use_icon=&#8221;on&#8221; font_icon=&#8221;%%107%%&#8221; icon_color=&#8221;#ee7968&#8243; icon_placement=&#8221;left&#8221; use_icon_font_size=&#8221;on&#8221; icon_font_size=&#8221;24px&#8221; _builder_version=&#8221;4.4.3&#8243; header_font=&#8221;Abel|600||on|||||&#8221; header_text_color=&#8221;#758c88&#8243; header_font_size=&#8221;14px&#8221; header_letter_spacing=&#8221;2px&#8221; header_line_height=&#8221;1.8em&#8221; body_font=&#8221;||||||||&#8221; body_line_height=&#8221;1.8em&#8221; custom_margin=&#8221;-20px||||false|false&#8221; hover_enabled=&#8221;0&#8243; locked=&#8221;off&#8221;][\/et_pb_blurb][\/et_pb_column][et_pb_column type=&#8221;3_5&#8243; _builder_version=&#8221;4.4.3&#8243; background_color_gradient_direction=&#8221;90deg&#8221; custom_padding=&#8221;60px||60px|&#8221; custom_padding__hover=&#8221;|||&#8221;][et_pb_video_slider _builder_version=&#8221;4.4.3&#8243; custom_margin_tablet=&#8221;-300px||||false|false&#8221; custom_margin_phone=&#8221;-300px||||false|false&#8221; custom_margin_last_edited=&#8221;on|phone&#8221;][et_pb_video_slider_item src=&#8221;https:\/\/www.youtube.com\/watch?v=caX2-gNv-Dc&#8221; _builder_version=&#8221;4.4.3&#8243; show_image_overlay=&#8221;off&#8221;][\/et_pb_video_slider_item][et_pb_video_slider_item src=&#8221;https:\/\/www.youtube.com\/watch?v=l4FHf_VPHsc&#8221; _builder_version=&#8221;4.4.3&#8243; show_image_overlay=&#8221;off&#8221;][\/et_pb_video_slider_item][\/et_pb_video_slider][\/et_pb_column][\/et_pb_row][et_pb_row _builder_version=&#8221;4.4.3&#8243;][et_pb_column type=&#8221;4_4&#8243; _builder_version=&#8221;4.4.3&#8243;][et_pb_image src=&#8221;http:\/\/arcoirisfilms.org\/wp-content\/uploads\/2020\/08\/basd-2.png&#8221; _builder_version=&#8221;4.4.3&#8243; transform_scale=&#8221;124%|124%&#8221; positioning=&#8221;relative&#8221; vertical_offset=&#8221;45px&#8221; horizontal_offset=&#8221;-75px&#8221; vertical_offset_tablet=&#8221;&#8221; vertical_offset_phone=&#8221;275px&#8221; vertical_offset_last_edited=&#8221;on|phone&#8221; max_width=&#8221;23%&#8221; custom_margin=&#8221;||||false|false&#8221; custom_margin_tablet=&#8221;&#8221; custom_margin_phone=&#8221;&#8221; custom_margin_last_edited=&#8221;on|phone&#8221;][\/et_pb_image][\/et_pb_column][\/et_pb_row][et_pb_row column_structure=&#8221;2_5,3_5&#8243; make_equal=&#8221;on&#8221; padding_top_bottom_link_1=&#8221;false&#8221; padding_top_bottom_link_2=&#8221;true&#8221; _builder_version=&#8221;4.4.3&#8243; custom_margin=&#8221;-29px|auto|-100px|auto|false|&#8221; custom_padding=&#8221;0|0px|0|0px|true|false&#8221; animation_style=&#8221;slide&#8221; animation_direction=&#8221;left&#8221; animation_intensity_slide=&#8221;1%&#8221; locked=&#8221;off&#8221;][et_pb_column type=&#8221;2_5&#8243; _builder_version=&#8221;3.25&#8243; custom_padding=&#8221;80px||40px|&#8221; custom_padding_tablet=&#8221;0px|||&#8221; custom_padding_phone=&#8221;&#8221; custom_padding_last_edited=&#8221;on|tablet&#8221; padding_tablet=&#8221;0px|||&#8221; padding_last_edited=&#8221;on|tablet&#8221; custom_padding__hover=&#8221;|||&#8221;][et_pb_text _builder_version=&#8221;4.4.3&#8243; text_font=&#8221;||||||||&#8221; text_line_height=&#8221;2em&#8221; header_font=&#8221;||||||||&#8221; header_3_font=&#8221;Abel||||||||&#8221; header_3_text_color=&#8221;#1fe0ba&#8221; header_3_font_size=&#8221;39px&#8221; header_3_letter_spacing=&#8221;3px&#8221; header_3_line_height=&#8221;1.8em&#8221; header_4_font=&#8221;Abel|700||on|||||&#8221; header_4_text_color=&#8221;rgba(12,12,12,0.27)&#8221; header_4_font_size=&#8221;16px&#8221; header_4_letter_spacing=&#8221;3px&#8221; header_4_line_height=&#8221;1.8em&#8221; header_3_font_size_tablet=&#8221;&#8221; header_3_font_size_phone=&#8221;25px&#8221; header_3_font_size_last_edited=&#8221;on|desktop&#8221;]<\/p>\n<h4>animal save &amp; RORO Vitale &#8211; argentina<\/h4>\n<h3><strong>Love&#8217;s vigil<\/strong><\/h3>\n<p>Animal Save Movement&#8217;s Vigils consist in waiting <span>at the gates of slaughterhouses for the trucks with animals to arrive, so activists can give them some love and care before they&#8217;re taken inside to be tortured and killed. Afterwards, an activist musician sings or plays to them from the other side of the wall. I had the chance to attend one of them as a filmmaker, and it was a huge challenge. The tears wouldn&#8217;t let me see properly, and my hands were shaking so much I couldn&#8217;t film steady. But we could all give our best to share them some Love and everything was worth it<\/span><span style=\"font-size: 14px;\">.<\/span><\/p>\n<p><strong>Animal Save Movement&#8217;s misi\u00f3n:<\/strong>\u00a0It&#8217;<span style=\"font-size: 14px;\">s a global network of activists that pacifically expose and try to stop animal explotation industries. Vigils are one of their many actions.<\/span><\/p>\n<p>[\/et_pb_text][et_pb_blurb title=&#8221;VISITAR SU SITIO&#8221; url=&#8221;#&#8221; use_icon=&#8221;on&#8221; font_icon=&#8221;%%107%%&#8221; icon_color=&#8221;#ee7968&#8243; icon_placement=&#8221;left&#8221; use_icon_font_size=&#8221;on&#8221; icon_font_size=&#8221;24px&#8221; _builder_version=&#8221;4.4.3&#8243; header_font=&#8221;Abel|600||on|||||&#8221; header_text_color=&#8221;#758c88&#8243; header_font_size=&#8221;14px&#8221; header_letter_spacing=&#8221;2px&#8221; header_line_height=&#8221;1.8em&#8221; body_font=&#8221;||||||||&#8221; body_line_height=&#8221;1.8em&#8221; custom_margin=&#8221;||||false|false&#8221; locked=&#8221;off&#8221;][\/et_pb_blurb][\/et_pb_column][et_pb_column type=&#8221;3_5&#8243; _builder_version=&#8221;4.4.3&#8243; background_color_gradient_direction=&#8221;90deg&#8221; custom_padding=&#8221;60px||60px|&#8221; custom_padding__hover=&#8221;|||&#8221;][et_pb_video src=&#8221;https:\/\/youtu.be\/4Ha0VxSiE7I&#8221; src_last_edited=&#8221;off|desktop&#8221; _builder_version=&#8221;4.4.3&#8243; custom_margin=&#8221;0px||||false|false&#8221;][\/et_pb_video][\/et_pb_column][\/et_pb_row][et_pb_row _builder_version=&#8221;4.4.3&#8243;][et_pb_column type=&#8221;4_4&#8243; _builder_version=&#8221;4.4.3&#8243;][et_pb_image src=&#8221;http:\/\/arcoirisfilms.org\/wp-content\/uploads\/2020\/08\/basd-2.png&#8221; _builder_version=&#8221;4.4.3&#8243; transform_scale=&#8221;124%|124%&#8221; positioning=&#8221;relative&#8221; vertical_offset=&#8221;45px&#8221; horizontal_offset=&#8221;-75px&#8221; vertical_offset_tablet=&#8221;&#8221; vertical_offset_phone=&#8221;275px&#8221; vertical_offset_last_edited=&#8221;on|phone&#8221; max_width=&#8221;23%&#8221; custom_margin=&#8221;||||false|false&#8221; custom_margin_tablet=&#8221;&#8221; custom_margin_phone=&#8221;&#8221; custom_margin_last_edited=&#8221;on|phone&#8221;][\/et_pb_image][\/et_pb_column][\/et_pb_row][et_pb_row column_structure=&#8221;2_5,3_5&#8243; make_equal=&#8221;on&#8221; padding_top_bottom_link_1=&#8221;false&#8221; padding_top_bottom_link_2=&#8221;true&#8221; _builder_version=&#8221;4.4.3&#8243; custom_margin=&#8221;0px||80px||false|false&#8221; custom_margin_tablet=&#8221;&#8221; custom_margin_phone=&#8221;100px||80px||false|false&#8221; custom_margin_last_edited=&#8221;on|phone&#8221; custom_padding=&#8221;0|0px|0|0px|true|false&#8221; animation_style=&#8221;slide&#8221; animation_direction=&#8221;left&#8221; animation_intensity_slide=&#8221;1%&#8221; locked=&#8221;off&#8221;][et_pb_column type=&#8221;2_5&#8243; _builder_version=&#8221;3.25&#8243; custom_padding=&#8221;80px||40px|&#8221; custom_padding_tablet=&#8221;0px|||&#8221; custom_padding_phone=&#8221;&#8221; custom_padding_last_edited=&#8221;on|tablet&#8221; padding_tablet=&#8221;0px|||&#8221; padding_last_edited=&#8221;on|tablet&#8221; custom_padding__hover=&#8221;|||&#8221;][et_pb_text _builder_version=&#8221;4.4.3&#8243; text_font=&#8221;||||||||&#8221; text_line_height=&#8221;2em&#8221; header_font=&#8221;||||||||&#8221; header_3_font=&#8221;Abel||||||||&#8221; header_3_text_color=&#8221;#1fe0ba&#8221; header_3_font_size=&#8221;39px&#8221; header_3_letter_spacing=&#8221;3px&#8221; header_3_line_height=&#8221;1.8em&#8221; header_4_font=&#8221;Abel|700||on|||||&#8221; header_4_text_color=&#8221;rgba(12,12,12,0.27)&#8221; header_4_font_size=&#8221;16px&#8221; header_4_letter_spacing=&#8221;3px&#8221; header_4_line_height=&#8221;1.8em&#8221; custom_margin_tablet=&#8221;&#8221; custom_margin_phone=&#8221;||-20px||false|false&#8221; custom_margin_last_edited=&#8221;on|phone&#8221; header_3_font_size_tablet=&#8221;&#8221; header_3_font_size_phone=&#8221;25px&#8221; header_3_font_size_last_edited=&#8221;on|desktop&#8221;]<\/p>\n<h4>campa\u00f1a &#8220;defensores de mamas&#8221; &#8211; arg<\/h4>\n<h3><strong>Ey Mamma<\/strong><\/h3>\n<p>Junto al grupo musical &#8220;Jeites&#8221; hicimos este videoclip para la ONG Frente J\u00f3ven, apoyando su campa<span>\u00f1a &#8220;Defensores de mam\u00e1s&#8221;.<\/span><\/p>\n<p><strong>Su misi\u00f3n: <\/strong>D<span>isminuir la mortalidad materna e infantil atendiendo sus principales causas, brindando contenci\u00f3n a mujeres con embarazos en riesgo y a sus hijos por nacer en barrios carenciados.<\/span><\/p>\n<p>&nbsp;<\/p>\n<p>[\/et_pb_text][et_pb_blurb title=&#8221;VISITAR SU SITIO&#8221; url=&#8221;#&#8221; use_icon=&#8221;on&#8221; font_icon=&#8221;%%107%%&#8221; icon_color=&#8221;#ee7968&#8243; icon_placement=&#8221;left&#8221; use_icon_font_size=&#8221;on&#8221; icon_font_size=&#8221;24px&#8221; _builder_version=&#8221;4.4.3&#8243; header_font=&#8221;Abel|600||on|||||&#8221; header_text_color=&#8221;#758c88&#8243; header_font_size=&#8221;14px&#8221; header_letter_spacing=&#8221;2px&#8221; header_line_height=&#8221;1.8em&#8221; body_font=&#8221;||||||||&#8221; body_line_height=&#8221;1.8em&#8221; custom_margin=&#8221;-20px||||false|false&#8221; locked=&#8221;off&#8221;][\/et_pb_blurb][\/et_pb_column][et_pb_column type=&#8221;3_5&#8243; _builder_version=&#8221;4.4.3&#8243; background_color_gradient_direction=&#8221;90deg&#8221; custom_padding=&#8221;60px||60px|&#8221; custom_padding__hover=&#8221;|||&#8221;][et_pb_video src=&#8221;https:\/\/www.youtube.com\/watch?v=0e2orIu62SI&#8221; src_last_edited=&#8221;off|desktop&#8221; _builder_version=&#8221;4.4.3&#8243; custom_margin_tablet=&#8221;-100px||||false|false&#8221; custom_margin_phone=&#8221;-100px||||false|false&#8221; custom_margin_last_edited=&#8221;on|phone&#8221;][\/et_pb_video][et_pb_image src=&#8221;http:\/\/arcoirisfilms.org\/wp-content\/uploads\/2020\/06\/macha-1.png&#8221; show_bottom_space=&#8221;off&#8221; _builder_version=&#8221;4.4.3&#8243; transform_scale=&#8221;50%|50%&#8221; positioning=&#8221;absolute&#8221; position_origin_r=&#8221;top_right&#8221; vertical_offset=&#8221;339px&#8221; horizontal_offset=&#8221;330px&#8221; z_index=&#8221;64&#8243; vertical_offset_tablet=&#8221;450px&#8221; vertical_offset_phone=&#8221;118px&#8221; vertical_offset_last_edited=&#8221;on|phone&#8221; horizontal_offset_tablet=&#8221;&#8221; horizontal_offset_phone=&#8221;&#8221; horizontal_offset_last_edited=&#8221;on|desktop&#8221; position_origin_a_tablet=&#8221;&#8221; position_origin_a_phone=&#8221;center_right&#8221; position_origin_a_last_edited=&#8221;on|phone&#8221; position_origin_f_tablet=&#8221;&#8221; position_origin_f_phone=&#8221;&#8221; position_origin_f_last_edited=&#8221;on|phone&#8221; position_origin_r_tablet=&#8221;&#8221; position_origin_r_phone=&#8221;top_left&#8221; position_origin_r_last_edited=&#8221;on|phone&#8221; width=&#8221;100%&#8221; width_tablet=&#8221;&#8221; width_phone=&#8221;100%&#8221; width_last_edited=&#8221;on|phone&#8221; positioning_tablet=&#8221;&#8221; positioning_phone=&#8221;absolute&#8221; positioning_last_edited=&#8221;on|phone&#8221; locked=&#8221;off&#8221;][\/et_pb_image][\/et_pb_column][\/et_pb_row][\/et_pb_section][et_pb_section fb_built=&#8221;1&#8243; fullwidth=&#8221;on&#8221; _builder_version=&#8221;4.4.3&#8243;][\/et_pb_section]<\/p>\n","protected":false},"excerpt":{"rendered":"<p>[et_pb_section fb_built=&#8221;1&#8243; _builder_version=&#8221;4.4.3&#8243; background_color=&#8221;#fff6ed&#8221; custom_margin=&#8221;-200px||||false|false&#8221;][et_pb_row _builder_version=&#8221;4.4.3&#8243;][et_pb_column type=&#8221;4_4&#8243; _builder_version=&#8221;4.4.3&#8243;][et_pb_text _builder_version=&#8221;4.4.3&#8243; text_font=&#8221;rockness||||||||&#8221;] Proyectos [\/et_pb_text][\/et_pb_column][\/et_pb_row][\/et_pb_section][et_pb_section fb_built=&#8221;1&#8243; admin_label=&#8221;Projects&#8221; _builder_version=&#8221;4.4.3&#8243; background_image=&#8221;http:\/\/arcoirisfilms.org\/wp-content\/uploads\/2020\/06\/separador.png&#8221; background_size=&#8221;contain&#8221; background_position=&#8221;top_center&#8221; custom_padding=&#8221;90px||90px|&#8221;][et_pb_row _builder_version=&#8221;4.4.3&#8243;][et_pb_column type=&#8221;4_4&#8243; _builder_version=&#8221;4.4.3&#8243;][et_pb_text _builder_version=&#8221;4.4.3&#8243; header_font=&#8221;Osaka Mustache||||||||&#8221; header_text_color=&#8221;#758c88&#8243; header_font_size=&#8221;110px&#8221; header_letter_spacing=&#8221;3px&#8221; transform_scale=&#8221;123%|123%&#8221; custom_margin=&#8221;|||46px|false|false&#8221; header_font_size_tablet=&#8221;&#8221; header_font_size_phone=&#8221;88px&#8221; header_font_size_last_edited=&#8221;on|phone&#8221; inline_fonts=&#8221;Osaka Mustache&#8221;] Missions Accomplished [\/et_pb_text][\/et_pb_column][\/et_pb_row][et_pb_row column_structure=&#8221;2_5,3_5&#8243; make_equal=&#8221;on&#8221; padding_top_bottom_link_1=&#8221;false&#8221; padding_top_bottom_link_2=&#8221;true&#8221; _builder_version=&#8221;4.4.3&#8243; background_color=&#8221;#ffffff&#8221; custom_margin=&#8221;40px||-50px||false|false&#8221; custom_margin_tablet=&#8221;40px||100px||false|false&#8221; custom_margin_phone=&#8221;&#8221; custom_margin_last_edited=&#8221;on|tablet&#8221; custom_padding=&#8221;0px|0px|0px|0px|true|false&#8221; animation_style=&#8221;slide&#8221; animation_direction=&#8221;left&#8221; animation_intensity_slide=&#8221;1%&#8221;][et_pb_column type=&#8221;2_5&#8243; _builder_version=&#8221;3.25&#8243; custom_padding=&#8221;80px||40px|&#8221; [&hellip;]<\/p>\n","protected":false},"author":1,"featured_media":0,"parent":0,"menu_order":0,"comment_status":"closed","ping_status":"closed","template":"","meta":{"_et_pb_use_builder":"on","_et_pb_old_content":"","_et_gb_content_width":"","footnotes":""},"class_list":["post-11","page","type-page","status-publish","hentry"],"_links":{"self":[{"href":"https:\/\/arcoirisfilms.org\/index.php\/wp-json\/wp\/v2\/pages\/11","targetHints":{"allow":["GET"]}}],"collection":[{"href":"https:\/\/arcoirisfilms.org\/index.php\/wp-json\/wp\/v2\/pages"}],"about":[{"href":"https:\/\/arcoirisfilms.org\/index.php\/wp-json\/wp\/v2\/types\/page"}],"author":[{"embeddable":true,"href":"https:\/\/arcoirisfilms.org\/index.php\/wp-json\/wp\/v2\/users\/1"}],"replies":[{"embeddable":true,"href":"https:\/\/arcoirisfilms.org\/index.php\/wp-json\/wp\/v2\/comments?post=11"}],"version-history":[{"count":58,"href":"https:\/\/arcoirisfilms.org\/index.php\/wp-json\/wp\/v2\/pages\/11\/revisions"}],"predecessor-version":[{"id":230295,"href":"https:\/\/arcoirisfilms.org\/index.php\/wp-json\/wp\/v2\/pages\/11\/revisions\/230295"}],"wp:attachment":[{"href":"https:\/\/arcoirisfilms.org\/index.php\/wp-json\/wp\/v2\/media?parent=11"}],"curies":[{"name":"wp","href":"https:\/\/api.w.org\/{rel}","templated":true}]}}